{"id":5966,"date":"2026-03-22T15:42:34","date_gmt":"2026-03-22T13:42:34","guid":{"rendered":"https:\/\/oakmore.dk\/?post_type=product&#038;p=5966"},"modified":"2026-03-22T15:43:34","modified_gmt":"2026-03-22T13:43:34","slug":"m0050-navy-lysblaa-stribet-slips","status":"publish","type":"product","link":"https:\/\/oakmore.dk\/en\/product\/m0050-navy-lysblaa-stribet-slips\/","title":{"rendered":"M0050 Navy\/Lysbl\u00e5 Stribet Slips"},"content":{"rendered":"<p><strong style=\"font-size: 16px;\">OAKMORE slips er lavet i s\u00e5 h\u00f8j kvalitet som muligt. Metervaren er v\u00e6vet p\u00e5 nye europ\u00e6iske v\u00e6vemaskiner og metervaren er altid klippet i 45 grader, s\u00e5 man undg\u00e5r at slipset drejer i brug.<\/strong><\/p>\n<p><strong>Slipset er foret med et let b\u00f8rstet foer, som giver passende fylde, samtidigt med at det er nemt at binde en flot knude.<\/strong><\/p>\n<p><strong>Alle slips er lavet ekstra lange (152 cm), for at sikre en p\u00e6n knude uanset brugerens h\u00f8jde.<\/strong><\/p>\n<p><strong>\u00a0<\/strong><\/p>\n<p><strong>Se udvalget af pynteklude <a href=\"https:\/\/oakmore.dk\/en\/product-category\/accessories\/pynteklude\/\"><u>here<\/u><\/a><\/strong><\/p>","protected":false},"excerpt":{"rendered":"<p><strong>Kvalitet:<\/strong> <span data-sheets-root=\"1\">80% recycled polyester \/ 20% bomuld<\/span><span data-sheets-root=\"1\">.<\/span>\u00a0Slipset er foret med recycled polyester, som er let b\u00f8rstet for at give slipset passende fylde. Forets h\u00f8je kvalitet g\u00f8r slipset nemt at binde og sikre minimalt kr\u00f8l.<\/p>\n<p><strong>WASH\/CARE:<\/strong>\u00a0The tie should be dry cleaned.<\/p>\n<p><strong>Size guide:<\/strong>\u00a0The tie measures 7 x 152 cm.<\/p>","protected":false},"featured_media":5967,"template":"","meta":{"site-sidebar-layout":"default","site-content-layout":"","ast-site-content-layout":"default","site-content-style":"default","site-sidebar-style":"default","ast-global-header-display":"","ast-banner-title-visibility":"","ast-main-header-display":"","ast-hfb-above-header-display":"","ast-hfb-below-header-display":"","ast-hfb-mobile-header-display":"","site-post-title":"","ast-breadcrumbs-content":"","ast-featured-img":"","footer-sml-layout":"","ast-disable-related-posts":"","theme-transparent-header-meta":"default","adv-header-id-meta":"","stick-header-meta":"default","header-above-stick-meta":"","header-main-stick-meta":"","header-below-stick-meta":"","astra-migrate-meta-layouts":"set","ast-page-background-enabled":"default","ast-page-background-meta":{"desktop":{"background-color":"var(--ast-global-color-4)","background-image":"","background-repeat":"repeat","background-position":"center center","background-size":"auto","background-attachment":"scroll","background-type":"","background-media":"","overlay-type":"","overlay-color":"","overlay-opacity":"","overlay-gradient":""},"tablet":{"background-color":"","background-image":"","background-repeat":"repeat","background-position":"center center","background-size":"auto","background-attachment":"scroll","background-type":"","background-media":"","overlay-type":"","overlay-color":"","overlay-opacity":"","overlay-gradient":""},"mobile":{"background-color":"","background-image":"","background-repeat":"repeat","background-position":"center center","background-size":"auto","background-attachment":"scroll","background-type":"","background-media":"","overlay-type":"","overlay-color":"","overlay-opacity":"","overlay-gradient":""}},"ast-content-background-meta":{"desktop":{"background-color":"var(--ast-global-color-5)","background-image":"","background-repeat":"repeat","background-position":"center center","background-size":"auto","background-attachment":"scroll","background-type":"","background-media":"","overlay-type":"","overlay-color":"","overlay-opacity":"","overlay-gradient":""},"tablet":{"background-color":"var(--ast-global-color-5)","background-image":"","background-repeat":"repeat","background-position":"center center","background-size":"auto","background-attachment":"scroll","background-type":"","background-media":"","overlay-type":"","overlay-color":"","overlay-opacity":"","overlay-gradient":""},"mobile":{"background-color":"var(--ast-global-color-5)","background-image":"","background-repeat":"repeat","background-position":"center center","background-size":"auto","background-attachment":"scroll","background-type":"","background-media":"","overlay-type":"","overlay-color":"","overlay-opacity":"","overlay-gradient":""}}},"product_brand":[],"product_cat":[130,31],"product_tag":[104,191,105,187,190,135,188],"class_list":{"0":"post-5966","1":"product","2":"type-product","3":"status-publish","4":"has-post-thumbnail","6":"product_cat-mixed-kvaliteter","7":"product_cat-slips","8":"product_tag-blaa","9":"product_tag-lysblaa","10":"product_tag-navy","11":"product_tag-slips","12":"product_tag-sriped","13":"product_tag-striber","14":"product_tag-tie","15":"desktop-align-center","16":"tablet-align-left","17":"mobile-align-left","18":"ast-product-gallery-layout-first-image-large","19":"ast-product-gallery-with-no-image","20":"ast-product-tabs-layout-vertical","22":"first","23":"instock","24":"taxable","25":"shipping-taxable","26":"purchasable","27":"product-type-simple"},"_links":{"self":[{"href":"https:\/\/oakmore.dk\/en\/wp-json\/wp\/v2\/product\/5966","targetHints":{"allow":["GET"]}}],"collection":[{"href":"https:\/\/oakmore.dk\/en\/wp-json\/wp\/v2\/product"}],"about":[{"href":"https:\/\/oakmore.dk\/en\/wp-json\/wp\/v2\/types\/product"}],"version-history":[{"count":1,"href":"https:\/\/oakmore.dk\/en\/wp-json\/wp\/v2\/product\/5966\/revisions"}],"predecessor-version":[{"id":5968,"href":"https:\/\/oakmore.dk\/en\/wp-json\/wp\/v2\/product\/5966\/revisions\/5968"}],"wp:featuredmedia":[{"embeddable":true,"href":"https:\/\/oakmore.dk\/en\/wp-json\/wp\/v2\/media\/5967"}],"wp:attachment":[{"href":"https:\/\/oakmore.dk\/en\/wp-json\/wp\/v2\/media?parent=5966"}],"wp:term":[{"taxonomy":"product_brand","embeddable":true,"href":"https:\/\/oakmore.dk\/en\/wp-json\/wp\/v2\/product_brand?post=5966"},{"taxonomy":"product_cat","embeddable":true,"href":"https:\/\/oakmore.dk\/en\/wp-json\/wp\/v2\/product_cat?post=5966"},{"taxonomy":"product_tag","embeddable":true,"href":"https:\/\/oakmore.dk\/en\/wp-json\/wp\/v2\/product_tag?post=5966"}],"curies":[{"name":"wp","href":"https:\/\/api.w.org\/{rel}","templated":true}]}}