{"id":3,"date":"2022-11-15T12:05:30","date_gmt":"2022-11-15T12:05:30","guid":{"rendered":"http:\/\/oakmore.dk\/?page_id=3"},"modified":"2023-05-21T06:16:06","modified_gmt":"2023-05-21T04:16:06","slug":"privacy-policy","status":"publish","type":"page","link":"https:\/\/oakmore.dk\/en\/privacy-policy\/","title":{"rendered":"Privacy and Cookies"},"content":{"rendered":"<div data-elementor-type=\"wp-page\" data-elementor-id=\"3\" class=\"elementor elementor-3\" data-elementor-post-type=\"page\">\n\t\t\t\t\t\t<section data-particle_enable=\"false\" data-particle-mobile-disabled=\"false\" class=\"elementor-section elementor-top-section elementor-element elementor-element-fad0988 elementor-section-boxed elementor-section-height-default elementor-section-height-default\" data-id=\"fad0988\" data-element_type=\"section\" data-settings=\"{&quot;jet_parallax_layout_list&quot;:[]}\">\n\t\t\t\t\t\t<div class=\"elementor-container elementor-column-gap-no\">\n\t\t\t\t\t<div class=\"elementor-column elementor-col-100 elementor-top-column elementor-element elementor-element-2f1fff8\" data-id=\"2f1fff8\" data-element_type=\"column\">\n\t\t\t<div class=\"elementor-widget-wrap elementor-element-populated\">\n\t\t\t\t\t\t<div class=\"elementor-element elementor-element-4498692 elementor-widget elementor-widget-heading\" data-id=\"4498692\" data-element_type=\"widget\" data-widget_type=\"heading.default\">\n\t\t\t\t<div class=\"elementor-widget-container\">\n\t\t\t\t\t<h1 class=\"elementor-heading-title elementor-size-default\">Cookie and Privacy policy at OAKMORE Ltd.<\/h1>\t\t\t\t<\/div>\n\t\t\t\t<\/div>\n\t\t\t\t<div class=\"elementor-element elementor-element-f70a593 elementor-widget-divider--view-line elementor-widget elementor-widget-divider\" data-id=\"f70a593\" data-element_type=\"widget\" data-widget_type=\"divider.default\">\n\t\t\t\t<div class=\"elementor-widget-container\">\n\t\t\t\t\t\t\t<div class=\"elementor-divider\">\n\t\t\t<span class=\"elementor-divider-separator\">\n\t\t\t\t\t\t<\/span>\n\t\t<\/div>\n\t\t\t\t\t\t<\/div>\n\t\t\t\t<\/div>\n\t\t\t\t<div class=\"elementor-element elementor-element-c4f2d09 elementor-widget elementor-widget-text-editor\" data-id=\"c4f2d09\" data-element_type=\"widget\" data-widget_type=\"text-editor.default\">\n\t\t\t\t<div class=\"elementor-widget-container\">\n\t\t\t\t\t\t\t\t\t<p><strong>Introduction<\/strong><br \/>During your website visit, we collect information about you to tailor and enhance our content and optimize the value of displayed ads. If you prefer not to have information collected, it is advisable to delete your cookies (<a href=\"http:\/\/minecookies.org\/cookiehandtering\" target=\"_blank\" rel=\"noopener\">see guide (in danish) here<\/a>) and refrain from further use of the website. Below, we have explained the information collected, its purposes, and the third parties granted access to them.<\/p><p><strong>Cookies<\/strong><br \/>The website employs 'cookies,' which are text files stored on your computer, mobile device, or equivalent, with the aim of recognizing it, remembering settings, conducting statistics, and targeting advertisements. Cookies cannot contain harmful code like viruses.<\/p><p>You can delete or block cookies. See instructions (in danish):\u00a0<a href=\"http:\/\/minecookies.org\/cookiehandtering\" target=\"_blank\" rel=\"noopener\">http:\/\/minecookies.org\/cookiehandtering<\/a><\/p><p>Deleting or blocking cookies might result in less relevant and more frequent ads. Moreover, there is a risk that the website may not function optimally, and you might encounter restricted access to certain content.<\/p><p class=\"tredjepart\">The website uses cookies from third parties and their scope may vary, encompassing:<\/p><ul id=\"tredjeparts_liste\" class=\"tredjepart\"><li>Google maps<\/li><li>Facebook<\/li><li>Linkedin<\/li><li>Instagram<\/li><\/ul><h4>Personal data<\/h4><p><strong>In general<\/strong><br \/>Personal information refers to any kind of information that, to some extent, can be attributed to you. When you use our website, we collect and process various types of such information. This occurs, for example, through normal access to content, if you sign up for our newsletter, participate in contests or surveys, register as a user or subscriber, use other services, or make purchases via the website.<\/p><p>We typically collect and process the following types of information: A unique ID and technical details about your computer, tablet, or mobile phone, your IP address, geographic location, and the pages you click on (interests). To the extent that you explicitly consent and enter the information yourself, we also process: Name, phone number, email, address, and payment details. This typically occurs when creating a login or making a purchase.<\/p><p><strong>Safety<\/strong><br \/>We handle your personal information securely and confidentially in accordance with applicable laws, including the European Union General Data Protection Regulation and the Danish Data Protection Act.<br \/>Your information will only be used for the purpose it was collected for and will be deleted once that purpose is fulfilled or is no longer relevant.<br \/>We have taken technical and organizational measures to prevent your information from being accidentally or unlawfully deleted, disclosed, lost, compromised, or accessed by unauthorized individuals, misused, or processed in violation of the law.<\/p><p><strong>Purposes<\/strong><br \/>The information is used to identify you as a user and show you ads that are most likely to be relevant to you, to record your purchases and payments, and to provide the services you have requested, such as sending a newsletter. In addition, we use the information to optimize our services and content.<\/p><p><strong>Duration of Storage<\/strong><br \/>The information is stored for the duration permitted by law, and we remove it when it is no longer necessary. The timeframe depends on the nature of the information and the purpose of storage. Therefore, a specific timeframe for information deletion cannot be provided.<\/p><p><strong>Disclosure of information<\/strong><br \/>Information about your website usage, the ads you receive and may click on, geographical location, gender, age segment, etc., is shared with third parties to the extent that these details are known. You can find information about the third parties involved in the 'Cookies' section above. These details are used for targeted advertising.<\/p><p>Additionally, we use several third-party services for the storage and processing of data. These entities exclusively process information on our behalf and are not permitted to use it for their own purposes.<\/p><p>Disclosure of personal information such as name and email, etc., will only occur if you provide consent. We only use data processors in the EU or in countries that can provide sufficient protection for your information.<\/p><p><strong>Access and Complaints<\/strong><br \/>You have the right to be informed about what personal information we process about you in a standard format (data portability). Additionally, you can at any time object to the use of information. You can also withdraw your consent to the processing of information about you. If the information being processed about you is incorrect, you have the right to have it corrected or deleted. Inquiries about this can be made to:\u00a0<span class=\"email\">bo@oakmore.dk<\/span>. If you want to complain about our processing of your personal information, you also have the option to contact\u00a0<a href=\"https:\/\/www.datatilsynet.dk\/english\" target=\"_blank\" rel=\"noopener\">The Danish Data Protection Agency<\/a>.<br \/>If you no longer wish for us to process your personal information or to restrict the processing of your personal information, you can also send us a request to the above email address.<\/p><p><strong>Publisher<\/strong><br \/>The website is owned and published by:<\/p><p><span class=\"company\">Oakmore Ltd.<\/span><br \/><span class=\"vejnavn\">B\u00f8gekildevej 34A<\/span><br \/><span class=\"postnummer\">8361 Hasselager, Denmark<\/span><br \/>Phone:\u00a0<span class=\"telefon\">+45 21 84 84 37<\/span><br \/>Email:\u00a0<span class=\"email\">bo@oakmore.dk<\/span><\/p>\t\t\t\t\t\t\t\t<\/div>\n\t\t\t\t<\/div>\n\t\t\t\t\t<\/div>\n\t\t<\/div>\n\t\t\t\t\t<\/div>\n\t\t<\/section>\n\t\t\t\t<\/div>","protected":false},"excerpt":{"rendered":"<p>Cookie- og privatlivspolitik hos Oakmore ApS IntroduktionN\u00e5r du bes\u00f8ger vores website indsamles der oplysninger om dig, som bruges til at tilpasse og forbedre vores indhold og til at \u00f8ge v\u00e6rdien af de annoncer, der vises p\u00e5 siden. Hvis du ikke \u00f8nsker, at der indsamles oplysninger, b\u00f8r du slette dine cookies (se vejledning) og undlade videre [&hellip;]<\/p>","protected":false},"author":1,"featured_media":0,"parent":0,"menu_order":0,"comment_status":"closed","ping_status":"open","template":"","meta":{"site-sidebar-layout":"no-sidebar","site-content-layout":"page-builder","ast-site-content-layout":"default","site-content-style":"default","site-sidebar-style":"default","ast-global-header-display":"","ast-banner-title-visibility":"","ast-main-header-display":"","ast-hfb-above-header-display":"","ast-hfb-below-header-display":"","ast-hfb-mobile-header-display":"","site-post-title":"disabled","ast-breadcrumbs-content":"","ast-featured-img":"disabled","footer-sml-layout":"","ast-disable-related-posts":"","theme-transparent-header-meta":"","adv-header-id-meta":"","stick-header-meta":"","header-above-stick-meta":"","header-main-stick-meta":"","header-below-stick-meta":"","astra-migrate-meta-layouts":"default","ast-page-background-enabled":"default","ast-page-background-meta":{"desktop":{"background-color":"var(--ast-global-color-4)","background-image":"","background-repeat":"repeat","background-position":"center center","background-size":"auto","background-attachment":"scroll","background-type":"","background-media":"","overlay-type":"","overlay-color":"","overlay-opacity":"","overlay-gradient":""},"tablet":{"background-color":"","background-image":"","background-repeat":"repeat","background-position":"center center","background-size":"auto","background-attachment":"scroll","background-type":"","background-media":"","overlay-type":"","overlay-color":"","overlay-opacity":"","overlay-gradient":""},"mobile":{"background-color":"","background-image":"","background-repeat":"repeat","background-position":"center center","background-size":"auto","background-attachment":"scroll","background-type":"","background-media":"","overlay-type":"","overlay-color":"","overlay-opacity":"","overlay-gradient":""}},"ast-content-background-meta":{"desktop":{"background-color":"var(--ast-global-color-5)","background-image":"","background-repeat":"repeat","background-position":"center center","background-size":"auto","background-attachment":"scroll","background-type":"","background-media":"","overlay-type":"","overlay-color":"","overlay-opacity":"","overlay-gradient":""},"tablet":{"background-color":"var(--ast-global-color-5)","background-image":"","background-repeat":"repeat","background-position":"center center","background-size":"auto","background-attachment":"scroll","background-type":"","background-media":"","overlay-type":"","overlay-color":"","overlay-opacity":"","overlay-gradient":""},"mobile":{"background-color":"var(--ast-global-color-5)","background-image":"","background-repeat":"repeat","background-position":"center center","background-size":"auto","background-attachment":"scroll","background-type":"","background-media":"","overlay-type":"","overlay-color":"","overlay-opacity":"","overlay-gradient":""}},"footnotes":""},"class_list":["post-3","page","type-page","status-publish","hentry"],"_links":{"self":[{"href":"https:\/\/oakmore.dk\/en\/wp-json\/wp\/v2\/pages\/3","targetHints":{"allow":["GET"]}}],"collection":[{"href":"https:\/\/oakmore.dk\/en\/wp-json\/wp\/v2\/pages"}],"about":[{"href":"https:\/\/oakmore.dk\/en\/wp-json\/wp\/v2\/types\/page"}],"author":[{"embeddable":true,"href":"https:\/\/oakmore.dk\/en\/wp-json\/wp\/v2\/users\/1"}],"replies":[{"embeddable":true,"href":"https:\/\/oakmore.dk\/en\/wp-json\/wp\/v2\/comments?post=3"}],"version-history":[{"count":10,"href":"https:\/\/oakmore.dk\/en\/wp-json\/wp\/v2\/pages\/3\/revisions"}],"predecessor-version":[{"id":1811,"href":"https:\/\/oakmore.dk\/en\/wp-json\/wp\/v2\/pages\/3\/revisions\/1811"}],"wp:attachment":[{"href":"https:\/\/oakmore.dk\/en\/wp-json\/wp\/v2\/media?parent=3"}],"curies":[{"name":"wp","href":"https:\/\/api.w.org\/{rel}","templated":true}]}}